{"id":268,"date":"2025-03-10T16:12:55","date_gmt":"2025-03-10T15:12:55","guid":{"rendered":"https:\/\/api-k.fr\/?post_type=product&#038;p=268"},"modified":"2025-03-10T16:18:47","modified_gmt":"2025-03-10T15:18:47","slug":"gelee-royale","status":"publish","type":"product","link":"https:\/\/api-k.fr\/index.php\/produit\/gelee-royale\/","title":{"rendered":"Gel\u00e9e Royale"},"content":{"rendered":"<p>Produite, r\u00e9colt\u00e9e et mise en pot par mes soins entre avril et juillet.<\/p>\n","protected":false},"excerpt":{"rendered":"<p>Le rucher de production de gel\u00e9e royale est install\u00e9 en milieu naturel, entour\u00e9 d\u2019une diversit\u00e9 v\u00e9g\u00e9tale et ressource en eau favorables \u00e0 une alimentation autonome des abeilles. La conduite en agriculture biolo- gique est respectueuse du cheptel et de l\u2019impact environnemental.<\/p>\n","protected":false},"featured_media":0,"comment_status":"open","ping_status":"closed","template":"","meta":[],"product_brand":[],"product_cat":[17],"product_tag":[],"class_list":{"0":"post-268","1":"product","2":"type-product","3":"status-publish","5":"product_cat-gelee-royale","7":"first","8":"instock","9":"shipping-taxable","10":"purchasable","11":"product-type-simple"},"_links":{"self":[{"href":"https:\/\/api-k.fr\/index.php\/wp-json\/wp\/v2\/product\/268","targetHints":{"allow":["GET"]}}],"collection":[{"href":"https:\/\/api-k.fr\/index.php\/wp-json\/wp\/v2\/product"}],"about":[{"href":"https:\/\/api-k.fr\/index.php\/wp-json\/wp\/v2\/types\/product"}],"replies":[{"embeddable":true,"href":"https:\/\/api-k.fr\/index.php\/wp-json\/wp\/v2\/comments?post=268"}],"wp:attachment":[{"href":"https:\/\/api-k.fr\/index.php\/wp-json\/wp\/v2\/media?parent=268"}],"wp:term":[{"taxonomy":"product_brand","embeddable":true,"href":"https:\/\/api-k.fr\/index.php\/wp-json\/wp\/v2\/product_brand?post=268"},{"taxonomy":"product_cat","embeddable":true,"href":"https:\/\/api-k.fr\/index.php\/wp-json\/wp\/v2\/product_cat?post=268"},{"taxonomy":"product_tag","embeddable":true,"href":"https:\/\/api-k.fr\/index.php\/wp-json\/wp\/v2\/product_tag?post=268"}],"curies":[{"name":"wp","href":"https:\/\/api.w.org\/{rel}","templated":true}]}}